{"id":1963,"date":"2024-01-25T12:15:49","date_gmt":"2024-01-25T12:15:49","guid":{"rendered":"https:\/\/somatantramassage.de\/workshop-fuer-paare\/"},"modified":"2025-06-24T09:28:01","modified_gmt":"2025-06-24T09:28:01","slug":"workshop-fuer-paare","status":"publish","type":"page","link":"https:\/\/somatantramassage.de\/en\/workshop-fuer-paare\/","title":{"rendered":"Workshop for Couples"},"content":{"rendered":"\t\t<div data-elementor-type=\"wp-page\" data-elementor-id=\"1963\" class=\"elementor elementor-1963 elementor-1444\">\n\t\t\t\t\t\t<section class=\"elementor-section elementor-top-section elementor-element elementor-element-aca6abe elementor-section-height-min-height elementor-section-boxed elementor-section-height-default elementor-section-items-middle\" data-id=\"aca6abe\" data-element_type=\"section\" data-e-type=\"section\" data-settings=\"{&quot;background_background&quot;:&quot;slideshow&quot;,&quot;background_slideshow_gallery&quot;:[{&quot;id&quot;:1518,&quot;url&quot;:&quot;https:\\\/\\\/somatantramassage.de\\\/wp-content\\\/uploads\\\/2024\\\/01\\\/Tantra-Workshop-Duessendorf.jpg&quot;},{&quot;id&quot;:1522,&quot;url&quot;:&quot;https:\\\/\\\/somatantramassage.de\\\/wp-content\\\/uploads\\\/2024\\\/01\\\/Tantra-Paar-Workshop.jpg&quot;},{&quot;id&quot;:1527,&quot;url&quot;:&quot;https:\\\/\\\/somatantramassage.de\\\/wp-content\\\/uploads\\\/2024\\\/01\\\/Tantra-Workshop-Fuer-Paare-Koeln.jpg&quot;}],&quot;background_slideshow_slide_duration&quot;:4000,&quot;background_slideshow_transition_duration&quot;:800,&quot;background_slideshow_ken_burns&quot;:&quot;yes&quot;,&quot;shape_divider_bottom&quot;:&quot;curve&quot;,&quot;shape_divider_bottom_negative&quot;:&quot;yes&quot;,&quot;background_slideshow_loop&quot;:&quot;yes&quot;,&quot;background_slideshow_slide_transition&quot;:&quot;fade&quot;,&quot;background_slideshow_ken_burns_zoom_direction&quot;:&quot;in&quot;}\">\n\t\t\t\t\t<div class=\"elementor-shape elementor-shape-bottom\" aria-hidden=\"true\" data-negative=\"true\">\n\t\t\t<svg xmlns=\"http:\/\/www.w3.org\/2000\/svg\" viewBox=\"0 0 1000 100\" preserveAspectRatio=\"none\">\n\t<path class=\"elementor-shape-fill\" d=\"M500,97C126.7,96.3,0.8,19.8,0,0v100l1000,0V1C1000,19.4,873.3,97.8,500,97z\"\/>\n<\/svg>\t\t<\/div>\n\t\t\t\t\t<div class=\"elementor-container elementor-column-gap-default\">\n\t\t\t\t\t<div class=\"elementor-column elementor-col-100 elementor-top-column elementor-element elementor-element-7e08ebf\" data-id=\"7e08ebf\" data-element_type=\"column\" data-e-type=\"column\">\n\t\t\t<div class=\"elementor-widget-wrap elementor-element-populated\">\n\t\t\t\t\t\t<div class=\"elementor-element elementor-element-e68ea43 elementor-invisible elementor-widget elementor-widget-heading\" data-id=\"e68ea43\" data-element_type=\"widget\" data-e-type=\"widget\" data-settings=\"{&quot;_animation&quot;:&quot;fadeIn&quot;}\" data-widget_type=\"heading.default\">\n\t\t\t\t<div class=\"elementor-widget-container\">\n\t\t\t\t\t<h1 class=\"elementor-heading-title elementor-size-default\">Tantra Massage Workshop <br>f\u00fcr Paare<\/h1>\t\t\t\t<\/div>\n\t\t\t\t<\/div>\n\t\t\t\t\t<\/div>\n\t\t<\/div>\n\t\t\t\t\t<\/div>\n\t\t<\/section>\n\t\t\t\t<section class=\"elementor-section elementor-top-section elementor-element elementor-element-04da9b3 elementor-section-boxed elementor-section-height-default elementor-section-height-default\" data-id=\"04da9b3\" data-element_type=\"section\" data-e-type=\"section\">\n\t\t\t\t\t\t<div class=\"elementor-container elementor-column-gap-default\">\n\t\t\t\t\t<div class=\"elementor-column elementor-col-100 elementor-top-column elementor-element elementor-element-be883f1\" data-id=\"be883f1\" data-element_type=\"column\" data-e-type=\"column\">\n\t\t\t<div class=\"elementor-widget-wrap elementor-element-populated\">\n\t\t\t\t\t\t<section class=\"elementor-section elementor-inner-section elementor-element elementor-element-d396a94 elementor-section-boxed elementor-section-height-default elementor-section-height-default\" data-id=\"d396a94\" data-element_type=\"section\" data-e-type=\"section\">\n\t\t\t\t\t\t<div class=\"elementor-container elementor-column-gap-default\">\n\t\t\t\t\t<div class=\"elementor-column elementor-col-33 elementor-inner-column elementor-element elementor-element-e29b0f2\" data-id=\"e29b0f2\" data-element_type=\"column\" data-e-type=\"column\">\n\t\t\t<div class=\"elementor-widget-wrap\">\n\t\t\t\t\t\t\t<\/div>\n\t\t<\/div>\n\t\t\t\t<div class=\"elementor-column elementor-col-33 elementor-inner-column elementor-element elementor-element-cff78e6\" data-id=\"cff78e6\" data-element_type=\"column\" data-e-type=\"column\">\n\t\t\t<div class=\"elementor-widget-wrap elementor-element-populated\">\n\t\t\t\t\t\t<div class=\"elementor-element elementor-element-063bed4 elementor-widget elementor-widget-heading\" data-id=\"063bed4\" data-element_type=\"widget\" data-e-type=\"widget\" data-widget_type=\"heading.default\">\n\t\t\t\t<div class=\"elementor-widget-container\">\n\t\t\t\t\t<h2 class=\"elementor-heading-title elementor-size-default\">Sehnt ihr euch?<\/h2>\t\t\t\t<\/div>\n\t\t\t\t<\/div>\n\t\t\t\t<div class=\"elementor-element elementor-element-9b84d6d elementor-widget elementor-widget-text-editor\" data-id=\"9b84d6d\" data-element_type=\"widget\" data-e-type=\"widget\" data-widget_type=\"text-editor.default\">\n\t\t\t\t<div class=\"elementor-widget-container\">\n\t\t\t\t\t\t\t\t\t<div class=\"fusion-text fusion-text-3\">\n<p class=\"fusion-responsive-typography-calculated\" data-fontsize=\"30\" data-lineheight=\"45px\"><strong>Nach einer neuen Dimension der Intimit\u00e4t in eurer Beziehung?<\/strong><\/p>\n<\/div>\n\t\t\t\t\t\t\t\t<\/div>\n\t\t\t\t<\/div>\n\t\t\t\t<div class=\"elementor-element elementor-element-ba44674 elementor-widget elementor-widget-text-editor\" data-id=\"ba44674\" data-element_type=\"widget\" data-e-type=\"widget\" data-widget_type=\"text-editor.default\">\n\t\t\t\t<div class=\"elementor-widget-container\">\n\t\t\t\t\t\t\t\t\t<div class=\"fusion-text fusion-text-3\">\n<p class=\"fusion-responsive-typography-calculated\" data-fontsize=\"30\" data-lineheight=\"45px\"><strong>Herzlich willkommen zu unserem Tantra-Paarmassage Workshop \u2013 einer unvergesslichen Reise, die dazu einl\u00e4dt, euch in einem tantrischen Raum gemeinsam neu zu entdecken.<\/strong><\/p>\n<\/div>\n\t\t\t\t\t\t\t\t<\/div>\n\t\t\t\t<\/div>\n\t\t\t\t\t<\/div>\n\t\t<\/div>\n\t\t\t\t<div class=\"elementor-column elementor-col-33 elementor-inner-column elementor-element elementor-element-6092108\" data-id=\"6092108\" data-element_type=\"column\" data-e-type=\"column\">\n\t\t\t<div class=\"elementor-widget-wrap\">\n\t\t\t\t\t\t\t<\/div>\n\t\t<\/div>\n\t\t\t\t\t<\/div>\n\t\t<\/section>\n\t\t\t\t\t<\/div>\n\t\t<\/div>\n\t\t\t\t\t<\/div>\n\t\t<\/section>\n\t\t\t\t<section class=\"elementor-section elementor-top-section elementor-element elementor-element-39a3ba5 elementor-section-boxed elementor-section-height-default elementor-section-height-default\" data-id=\"39a3ba5\" data-element_type=\"section\" data-e-type=\"section\">\n\t\t\t\t\t\t<div class=\"elementor-container elementor-column-gap-default\">\n\t\t\t\t\t<div class=\"elementor-column elementor-col-50 elementor-top-column elementor-element elementor-element-6b7d0ce\" data-id=\"6b7d0ce\" data-element_type=\"column\" data-e-type=\"column\">\n\t\t\t<div class=\"elementor-widget-wrap elementor-element-populated\">\n\t\t\t\t\t\t<div class=\"elementor-element elementor-element-727dc8a elementor-widget elementor-widget-image\" data-id=\"727dc8a\" data-element_type=\"widget\" data-e-type=\"widget\" data-widget_type=\"image.default\">\n\t\t\t\t<div class=\"elementor-widget-container\">\n\t\t\t\t\t\t\t\t\t\t\t\t\t\t\t<img fetchpriority=\"high\" decoding=\"async\" width=\"735\" height=\"479\" src=\"https:\/\/somatantramassage.de\/wp-content\/uploads\/2024\/02\/IMG_2527.jpg\" class=\"attachment-large size-large wp-image-1553\" alt=\"Tantra Paarworkshop K\u00f6ln\" srcset=\"https:\/\/somatantramassage.de\/wp-content\/uploads\/2024\/02\/IMG_2527.jpg 735w, https:\/\/somatantramassage.de\/wp-content\/uploads\/2024\/02\/IMG_2527-300x196.jpg 300w\" sizes=\"(max-width: 735px) 100vw, 735px\" \/>\t\t\t\t\t\t\t\t\t\t\t\t\t\t\t<\/div>\n\t\t\t\t<\/div>\n\t\t\t\t\t<\/div>\n\t\t<\/div>\n\t\t\t\t<div class=\"elementor-column elementor-col-50 elementor-top-column elementor-element elementor-element-90ad200\" data-id=\"90ad200\" data-element_type=\"column\" data-e-type=\"column\">\n\t\t\t<div class=\"elementor-widget-wrap elementor-element-populated\">\n\t\t\t\t\t\t<div class=\"elementor-element elementor-element-8e590d7 elementor-widget elementor-widget-text-editor\" data-id=\"8e590d7\" data-element_type=\"widget\" data-e-type=\"widget\" data-widget_type=\"text-editor.default\">\n\t\t\t\t<div class=\"elementor-widget-container\">\n\t\t\t\t\t\t\t\t\t<h4>Deinen Partner tief ber\u00fchren<\/h4>\n<p><strong>Taucht ein in eine Welt der Achtsamkeit und Authentizit\u00e4t,<\/strong> <br \/>in der jede Eurer Begegnung von Respekt und Aufrichtigkeit gepr\u00e4gt ist. Unter der erfahrenen Anleitung einer einf\u00fchlsamen Tantramasseurin werdet ihr dazu ermutigt, eure Herzen zu \u00f6ffnen und eurer Liebe eine erfrischende und tiefere Dimension zu verleihen.<\/p>\n<p><strong>Dieser Workshop ist eine Inspirationsquelle<\/strong>, <br \/>die euch aufzeigt, wie ihr euren Partner auf ehrliche, sinnliche und spielerische Weise ber\u00fchren k\u00f6nnt. Gemeinsam entdeckt ihr die Freude und Intimit\u00e4t, die in der Kunst der liebevollen Ber\u00fchrung liegen.<\/p>\n\t\t\t\t\t\t\t\t<\/div>\n\t\t\t\t<\/div>\n\t\t\t\t\t<\/div>\n\t\t<\/div>\n\t\t\t\t\t<\/div>\n\t\t<\/section>\n\t\t\t\t<section class=\"elementor-section elementor-top-section elementor-element elementor-element-2096eb7 elementor-reverse-mobile elementor-section-boxed elementor-section-height-default elementor-section-height-default\" data-id=\"2096eb7\" data-element_type=\"section\" data-e-type=\"section\">\n\t\t\t\t\t\t<div class=\"elementor-container elementor-column-gap-default\">\n\t\t\t\t\t<div class=\"elementor-column elementor-col-50 elementor-top-column elementor-element elementor-element-446cc15\" data-id=\"446cc15\" data-element_type=\"column\" data-e-type=\"column\">\n\t\t\t<div class=\"elementor-widget-wrap elementor-element-populated\">\n\t\t\t\t\t\t<div class=\"elementor-element elementor-element-9f34702 elementor-widget elementor-widget-text-editor\" data-id=\"9f34702\" data-element_type=\"widget\" data-e-type=\"widget\" data-widget_type=\"text-editor.default\">\n\t\t\t\t<div class=\"elementor-widget-container\">\n\t\t\t\t\t\t\t\t\t<div class=\"fusion-text fusion-text-3\">\n<h4>Eine neue Ebene eurer Beziehung<\/h4>\n<p>Pro Workshop wird ein Partner massiert, um eine individuelle und intensivere Erfahrung zu gew\u00e4hrleisten.<\/p>\n<p>Vor dem Workshop empfehlen wir eine vorherige Tantramassage bei uns zur Vorbereitung. Dies k\u00f6nnte entweder eine <a href=\"https:\/\/somatantramassage.de\/en\/couple-massage\/\">Paar-Massage<\/a> oder <a href=\"https:\/\/somatantramassage.de\/en\/about-tantra-massages\/\">Einzel-Massage<\/a> sein.<\/p>\n<p>Erfahrt, wie die Kraft der Ber\u00fchrung eure Partnerschaft auf eine neue, bereichernde Ebene hebt.<\/p>\n<\/div>\n\t\t\t\t\t\t\t\t<\/div>\n\t\t\t\t<\/div>\n\t\t\t\t\t<\/div>\n\t\t<\/div>\n\t\t\t\t<div class=\"elementor-column elementor-col-50 elementor-top-column elementor-element elementor-element-79bfcb9\" data-id=\"79bfcb9\" data-element_type=\"column\" data-e-type=\"column\">\n\t\t\t<div class=\"elementor-widget-wrap elementor-element-populated\">\n\t\t\t\t\t\t<div class=\"elementor-element elementor-element-bd851b1 elementor-widget elementor-widget-image\" data-id=\"bd851b1\" data-element_type=\"widget\" data-e-type=\"widget\" data-widget_type=\"image.default\">\n\t\t\t\t<div class=\"elementor-widget-container\">\n\t\t\t\t\t\t\t\t\t\t\t\t\t\t\t<img decoding=\"async\" width=\"640\" height=\"426\" src=\"https:\/\/somatantramassage.de\/wp-content\/uploads\/2024\/01\/conscious-design-Fdj1DZ4IyFs-unsplash.jpg\" class=\"attachment-large size-large wp-image-1455\" alt=\"\" srcset=\"https:\/\/somatantramassage.de\/wp-content\/uploads\/2024\/01\/conscious-design-Fdj1DZ4IyFs-unsplash.jpg 640w, https:\/\/somatantramassage.de\/wp-content\/uploads\/2024\/01\/conscious-design-Fdj1DZ4IyFs-unsplash-300x200.jpg 300w\" sizes=\"(max-width: 640px) 100vw, 640px\" \/>\t\t\t\t\t\t\t\t\t\t\t\t\t\t\t<\/div>\n\t\t\t\t<\/div>\n\t\t\t\t\t<\/div>\n\t\t<\/div>\n\t\t\t\t\t<\/div>\n\t\t<\/section>\n\t\t\t\t<section class=\"elementor-section elementor-top-section elementor-element elementor-element-a8ae3d9 elementor-section-boxed elementor-section-height-default elementor-section-height-default\" data-id=\"a8ae3d9\" data-element_type=\"section\" data-e-type=\"section\">\n\t\t\t\t\t\t<div class=\"elementor-container elementor-column-gap-default\">\n\t\t\t\t\t<div class=\"elementor-column elementor-col-50 elementor-top-column elementor-element elementor-element-9639e67\" data-id=\"9639e67\" data-element_type=\"column\" data-e-type=\"column\">\n\t\t\t<div class=\"elementor-widget-wrap elementor-element-populated\">\n\t\t\t\t\t\t<div class=\"elementor-element elementor-element-0631895 elementor-widget elementor-widget-image\" data-id=\"0631895\" data-element_type=\"widget\" data-e-type=\"widget\" data-widget_type=\"image.default\">\n\t\t\t\t<div class=\"elementor-widget-container\">\n\t\t\t\t\t\t\t\t\t\t\t\t\t\t\t<img decoding=\"async\" width=\"530\" height=\"526\" src=\"https:\/\/somatantramassage.de\/wp-content\/uploads\/2023\/08\/tantra-begegnung-a.jpg-2.webp\" class=\"attachment-large size-large wp-image-561\" alt=\"\" srcset=\"https:\/\/somatantramassage.de\/wp-content\/uploads\/2023\/08\/tantra-begegnung-a.jpg-2.webp 530w, https:\/\/somatantramassage.de\/wp-content\/uploads\/2023\/08\/tantra-begegnung-a.jpg-2-300x298.webp 300w, https:\/\/somatantramassage.de\/wp-content\/uploads\/2023\/08\/tantra-begegnung-a.jpg-2-150x150.webp 150w\" sizes=\"(max-width: 530px) 100vw, 530px\" \/>\t\t\t\t\t\t\t\t\t\t\t\t\t\t\t<\/div>\n\t\t\t\t<\/div>\n\t\t\t\t\t<\/div>\n\t\t<\/div>\n\t\t\t\t<div class=\"elementor-column elementor-col-50 elementor-top-column elementor-element elementor-element-330f3e1\" data-id=\"330f3e1\" data-element_type=\"column\" data-e-type=\"column\">\n\t\t\t<div class=\"elementor-widget-wrap elementor-element-populated\">\n\t\t\t\t\t\t<div class=\"elementor-element elementor-element-445879c elementor-widget elementor-widget-text-editor\" data-id=\"445879c\" data-element_type=\"widget\" data-e-type=\"widget\" data-widget_type=\"text-editor.default\">\n\t\t\t\t<div class=\"elementor-widget-container\">\n\t\t\t\t\t\t\t\t\t<h4><strong>Was Ihr mitnehmt:<\/strong><\/h4>\n<p>&#8211; Bereicherung und Belebung Eurer Beziehung<\/p>\n<p>&#8211; sinnlichen Genuss und lustvolle Momente<\/p>\n<p>&#8211; Respekt und Wertsch\u00e4tzung des Partners<\/p>\n<p>&#8211; Entspannung und Freude wahrer Intimit\u00e4t<\/p>\n<p>&#8211; Eine unvergessliche gemeinsame Erfahrung<\/p>\n\t\t\t\t\t\t\t\t<\/div>\n\t\t\t\t<\/div>\n\t\t\t\t\t<\/div>\n\t\t<\/div>\n\t\t\t\t\t<\/div>\n\t\t<\/section>\n\t\t\t\t<section class=\"elementor-section elementor-top-section elementor-element elementor-element-c26f730 elementor-section-boxed elementor-section-height-default elementor-section-height-default\" data-id=\"c26f730\" data-element_type=\"section\" data-e-type=\"section\" data-settings=\"{&quot;background_background&quot;:&quot;classic&quot;}\">\n\t\t\t\t\t\t<div class=\"elementor-container elementor-column-gap-default\">\n\t\t\t\t\t<div class=\"elementor-column elementor-col-100 elementor-top-column elementor-element elementor-element-452ecd1\" data-id=\"452ecd1\" data-element_type=\"column\" data-e-type=\"column\">\n\t\t\t<div class=\"elementor-widget-wrap elementor-element-populated\">\n\t\t\t\t\t\t<div class=\"elementor-element elementor-element-be1894d elementor-widget elementor-widget-heading\" data-id=\"be1894d\" data-element_type=\"widget\" data-e-type=\"widget\" data-widget_type=\"heading.default\">\n\t\t\t\t<div class=\"elementor-widget-container\">\n\t\t\t\t\t<h2 class=\"elementor-heading-title elementor-size-default\">Tantra Workshop f\u00fcr Paare<\/h2>\t\t\t\t<\/div>\n\t\t\t\t<\/div>\n\t\t\t\t\t<\/div>\n\t\t<\/div>\n\t\t\t\t\t<\/div>\n\t\t<\/section>\n\t\t\t\t<section class=\"elementor-section elementor-top-section elementor-element elementor-element-716f352 elementor-section-boxed elementor-section-height-default elementor-section-height-default\" data-id=\"716f352\" data-element_type=\"section\" data-e-type=\"section\" data-settings=\"{&quot;background_background&quot;:&quot;classic&quot;}\">\n\t\t\t\t\t\t<div class=\"elementor-container elementor-column-gap-default\">\n\t\t\t\t\t<div class=\"elementor-column elementor-col-100 elementor-top-column elementor-element elementor-element-4f368fe\" data-id=\"4f368fe\" data-element_type=\"column\" data-e-type=\"column\">\n\t\t\t<div class=\"elementor-widget-wrap elementor-element-populated\">\n\t\t\t\t\t\t<div class=\"elementor-element elementor-element-a991143 elementor-widget elementor-widget-text-editor\" data-id=\"a991143\" data-element_type=\"widget\" data-e-type=\"widget\" data-widget_type=\"text-editor.default\">\n\t\t\t\t<div class=\"elementor-widget-container\">\n\t\t\t\t\t\t\t\t\t<div class=\"fusion-text fusion-text-8\">\n<h5 class=\"p1 fusion-responsive-typography-calculated\" data-fontsize=\"16\" data-lineheight=\"23.999998px\">2,5 Std. mit 1 Masseurin \u2026 <strong>3<\/strong><span class=\"bitbig\"><span class=\"red\"><strong>90<\/strong><b> \u20ac<\/b><\/span><\/span><span style=\"font-family: inherit; font-size: 1rem;\"> <\/span><\/h5>\n<\/div>\n\t\t\t\t\t\t\t\t<\/div>\n\t\t\t\t<\/div>\n\t\t\t\t\t<\/div>\n\t\t<\/div>\n\t\t\t\t\t<\/div>\n\t\t<\/section>\n\t\t\t\t<section class=\"elementor-section elementor-top-section elementor-element elementor-element-8a5d2ae elementor-section-boxed elementor-section-height-default elementor-section-height-default\" data-id=\"8a5d2ae\" data-element_type=\"section\" data-e-type=\"section\">\n\t\t\t\t\t\t<div class=\"elementor-container elementor-column-gap-default\">\n\t\t\t\t\t<div class=\"elementor-column elementor-col-100 elementor-top-column elementor-element elementor-element-286f2bb\" data-id=\"286f2bb\" data-element_type=\"column\" data-e-type=\"column\">\n\t\t\t<div class=\"elementor-widget-wrap elementor-element-populated\">\n\t\t\t\t\t\t<div class=\"elementor-element elementor-element-8a7f0c9 elementor-widget elementor-widget-text-editor\" data-id=\"8a7f0c9\" data-element_type=\"widget\" data-e-type=\"widget\" data-widget_type=\"text-editor.default\">\n\t\t\t\t<div class=\"elementor-widget-container\">\n\t\t\t\t\t\t\t\t\t<p>Tantra lehrt dich, in intimen Momenten mit deinem Partner Verst\u00e4ndnis, Gef\u00fchl, Kommunikation und \u201ePr\u00e4senz\u201c zu entwickeln.<\/p>\n<p>Es geht darum, in sich selbst zur\u00fcckzufallen \u2013 in den K\u00f6rper, das Bewusstsein, die Atmung, Empfindungen \u2013 und das \u00f6ffnet dein Herz f\u00fcr etwas Subtileres, das zwischen den K\u00f6rpern geschieht.<\/p>\n<p>Tantra ist ein Weg die spirituelle Sprache der Liebe zu lernen und in v\u00f6llig neue Dimensionen der Intimit\u00e4t, Verbundenheit und Ekstase einzutauchen.<\/p>\n\t\t\t\t\t\t\t\t<\/div>\n\t\t\t\t<\/div>\n\t\t\t\t<div class=\"elementor-element elementor-element-b75673b elementor-widget elementor-widget-heading\" data-id=\"b75673b\" data-element_type=\"widget\" data-e-type=\"widget\" data-widget_type=\"heading.default\">\n\t\t\t\t<div class=\"elementor-widget-container\">\n\t\t\t\t\t<h2 class=\"elementor-heading-title elementor-size-default\">Diana Richardson\u200b<\/h2>\t\t\t\t<\/div>\n\t\t\t\t<\/div>\n\t\t\t\t\t<\/div>\n\t\t<\/div>\n\t\t\t\t\t<\/div>\n\t\t<\/section>\n\t\t\t\t<section class=\"elementor-section elementor-top-section elementor-element elementor-element-5dec5af elementor-section-boxed elementor-section-height-default elementor-section-height-default\" data-id=\"5dec5af\" data-element_type=\"section\" data-e-type=\"section\" data-settings=\"{&quot;background_background&quot;:&quot;classic&quot;}\">\n\t\t\t\t\t\t<div class=\"elementor-container elementor-column-gap-default\">\n\t\t\t\t\t<div class=\"elementor-column elementor-col-50 elementor-top-column elementor-element elementor-element-0866064\" data-id=\"0866064\" data-element_type=\"column\" data-e-type=\"column\">\n\t\t\t<div class=\"elementor-widget-wrap elementor-element-populated\">\n\t\t\t\t\t\t<div class=\"elementor-element elementor-element-1fecebb elementor-widget elementor-widget-heading\" data-id=\"1fecebb\" data-element_type=\"widget\" data-e-type=\"widget\" data-widget_type=\"heading.default\">\n\t\t\t\t<div class=\"elementor-widget-container\">\n\t\t\t\t\t<h2 class=\"elementor-heading-title elementor-size-default\">Buche Deine Massage\n<\/h2>\t\t\t\t<\/div>\n\t\t\t\t<\/div>\n\t\t\t\t<div class=\"elementor-element elementor-element-6c846a0 elementor-widget elementor-widget-text-editor\" data-id=\"6c846a0\" data-element_type=\"widget\" data-e-type=\"widget\" data-widget_type=\"text-editor.default\">\n\t\t\t\t<div class=\"elementor-widget-container\">\n\t\t\t\t\t\t\t\t\t<p class=\"p1\">Wenn Du Fragen hast, oder den Paar Workshop buchen m\u00f6chtest, rufe uns an oder schreibe uns eine E-Mail.<\/p>\n<p class=\"p1\"><b>Tel. und Whatsapp: <span class=\"Apple-converted-space\"> <\/span><\/b><a href=\"tel:004915257096337\">+49 1525 709 63 37<\/a><\/p>\n<p class=\"p3\"><span class=\"s1\"><b>Email:<\/b><\/span><span class=\"s2\"><b><span class=\"Apple-converted-space\"> <\/span><\/b><\/span><a href=\"mailto:massage@somatantramassage.de\">massage@somatantramassage.de<\/a><\/p>\n\t\t\t\t\t\t\t\t<\/div>\n\t\t\t\t<\/div>\n\t\t\t\t\t<\/div>\n\t\t<\/div>\n\t\t\t\t<div class=\"elementor-column elementor-col-50 elementor-top-column elementor-element elementor-element-f0aa6ad\" data-id=\"f0aa6ad\" data-element_type=\"column\" data-e-type=\"column\">\n\t\t\t<div class=\"elementor-widget-wrap elementor-element-populated\">\n\t\t\t\t\t\t<div class=\"elementor-element elementor-element-c09fed7 elementor-widget elementor-widget-image\" data-id=\"c09fed7\" data-element_type=\"widget\" data-e-type=\"widget\" data-widget_type=\"image.default\">\n\t\t\t\t<div class=\"elementor-widget-container\">\n\t\t\t\t\t\t\t\t\t\t\t\t\t\t\t<img loading=\"lazy\" decoding=\"async\" width=\"800\" height=\"807\" src=\"https:\/\/somatantramassage.de\/wp-content\/uploads\/2024\/02\/Tantra-Footer-1-1015x1024.jpg\" class=\"attachment-large size-large wp-image-1613\" alt=\"\" srcset=\"https:\/\/somatantramassage.de\/wp-content\/uploads\/2024\/02\/Tantra-Footer-1-1015x1024.jpg 1015w, https:\/\/somatantramassage.de\/wp-content\/uploads\/2024\/02\/Tantra-Footer-1-297x300.jpg 297w, https:\/\/somatantramassage.de\/wp-content\/uploads\/2024\/02\/Tantra-Footer-1-150x150.jpg 150w, https:\/\/somatantramassage.de\/wp-content\/uploads\/2024\/02\/Tantra-Footer-1-768x775.jpg 768w, https:\/\/somatantramassage.de\/wp-content\/uploads\/2024\/02\/Tantra-Footer-1.jpg 1125w\" sizes=\"(max-width: 800px) 100vw, 800px\" \/>\t\t\t\t\t\t\t\t\t\t\t\t\t\t\t<\/div>\n\t\t\t\t<\/div>\n\t\t\t\t\t<\/div>\n\t\t<\/div>\n\t\t\t\t\t<\/div>\n\t\t<\/section>\n\t\t\t\t<\/div>\n\t\t","protected":false},"excerpt":{"rendered":"<p>Tantra Massage Workshop f\u00fcr Paare Sehnt ihr euch? Nach einer neuen Dimension der Intimit\u00e4t in eurer Beziehung? Herzlich willkommen zu unserem Tantra-Paarmassage Workshop \u2013 einer unvergesslichen Reise, die dazu einl\u00e4dt, euch in einem tantrischen Raum gemeinsam neu zu entdecken. Deinen Partner tief ber\u00fchren Taucht ein in eine Welt der Achtsamkeit und Authentizit\u00e4t, in der jede [&hellip;]<\/p>\n","protected":false},"author":1,"featured_media":1544,"parent":0,"menu_order":0,"comment_status":"closed","ping_status":"closed","template":"","meta":{"footnotes":""},"class_list":["post-1963","page","type-page","status-publish","has-post-thumbnail","hentry"],"_links":{"self":[{"href":"https:\/\/somatantramassage.de\/en\/wp-json\/wp\/v2\/pages\/1963","targetHints":{"allow":["GET"]}}],"collection":[{"href":"https:\/\/somatantramassage.de\/en\/wp-json\/wp\/v2\/pages"}],"about":[{"href":"https:\/\/somatantramassage.de\/en\/wp-json\/wp\/v2\/types\/page"}],"author":[{"embeddable":true,"href":"https:\/\/somatantramassage.de\/en\/wp-json\/wp\/v2\/users\/1"}],"replies":[{"embeddable":true,"href":"https:\/\/somatantramassage.de\/en\/wp-json\/wp\/v2\/comments?post=1963"}],"version-history":[{"count":5,"href":"https:\/\/somatantramassage.de\/en\/wp-json\/wp\/v2\/pages\/1963\/revisions"}],"predecessor-version":[{"id":1969,"href":"https:\/\/somatantramassage.de\/en\/wp-json\/wp\/v2\/pages\/1963\/revisions\/1969"}],"wp:featuredmedia":[{"embeddable":true,"href":"https:\/\/somatantramassage.de\/en\/wp-json\/wp\/v2\/media\/1544"}],"wp:attachment":[{"href":"https:\/\/somatantramassage.de\/en\/wp-json\/wp\/v2\/media?parent=1963"}],"curies":[{"name":"wp","href":"https:\/\/api.w.org\/{rel}","templated":true}]}}