{"id":753,"date":"2023-08-03T14:23:31","date_gmt":"2023-08-03T14:23:31","guid":{"rendered":"https:\/\/somatantramassage.de\/paarassage\/"},"modified":"2025-04-22T13:17:25","modified_gmt":"2025-04-22T13:17:25","slug":"couple-massage","status":"publish","type":"page","link":"https:\/\/somatantramassage.de\/en\/couple-massage\/","title":{"rendered":"Couple Massage"},"content":{"rendered":"\t\t<div data-elementor-type=\"wp-page\" data-elementor-id=\"753\" class=\"elementor elementor-753 elementor-223\">\n\t\t\t\t\t\t<section class=\"elementor-section elementor-top-section elementor-element elementor-element-d97a075 elementor-section-boxed elementor-section-height-default elementor-section-height-default\" data-id=\"d97a075\" data-element_type=\"section\" data-e-type=\"section\">\n\t\t\t\t\t\t<div class=\"elementor-container elementor-column-gap-default\">\n\t\t\t\t\t<div class=\"elementor-column elementor-col-100 elementor-top-column elementor-element elementor-element-33a46a0\" data-id=\"33a46a0\" data-element_type=\"column\" data-e-type=\"column\">\n\t\t\t<div class=\"elementor-widget-wrap elementor-element-populated\">\n\t\t\t\t\t\t<div class=\"elementor-element elementor-element-a201173 elementor-widget elementor-widget-heading\" data-id=\"a201173\" data-element_type=\"widget\" data-e-type=\"widget\" data-widget_type=\"heading.default\">\n\t\t\t\t<div class=\"elementor-widget-container\">\n\t\t\t\t\t<h2 class=\"elementor-heading-title elementor-size-default\">Tantra Couples Massage<\/h2>\t\t\t\t<\/div>\n\t\t\t\t<\/div>\n\t\t\t\t\t<\/div>\n\t\t<\/div>\n\t\t\t\t\t<\/div>\n\t\t<\/section>\n\t\t\t\t<section class=\"elementor-section elementor-top-section elementor-element elementor-element-04da9b3 elementor-section-boxed elementor-section-height-default elementor-section-height-default\" data-id=\"04da9b3\" data-element_type=\"section\" data-e-type=\"section\">\n\t\t\t\t\t\t<div class=\"elementor-container elementor-column-gap-default\">\n\t\t\t\t\t<div class=\"elementor-column elementor-col-50 elementor-top-column elementor-element elementor-element-1e32856\" data-id=\"1e32856\" data-element_type=\"column\" data-e-type=\"column\">\n\t\t\t<div class=\"elementor-widget-wrap elementor-element-populated\">\n\t\t\t\t\t\t<div class=\"elementor-element elementor-element-d58e80f elementor-widget__width-initial elementor-widget elementor-widget-image\" data-id=\"d58e80f\" data-element_type=\"widget\" data-e-type=\"widget\" data-widget_type=\"image.default\">\n\t\t\t\t<div class=\"elementor-widget-container\">\n\t\t\t\t\t\t\t\t\t\t\t\t\t\t\t<img fetchpriority=\"high\" decoding=\"async\" width=\"600\" height=\"406\" src=\"https:\/\/somatantramassage.de\/wp-content\/uploads\/2023\/08\/paarmassage-duesseldorf.jpeg-e1691088600874.webp\" class=\"attachment-large size-large wp-image-543\" alt=\"Tantra Paarmassage im Soma Studio zwischen K\u00f6ln und D\u00fcsseldorf\" srcset=\"https:\/\/somatantramassage.de\/wp-content\/uploads\/2023\/08\/paarmassage-duesseldorf.jpeg-e1691088600874.webp 600w, https:\/\/somatantramassage.de\/wp-content\/uploads\/2023\/08\/paarmassage-duesseldorf.jpeg-e1691088600874-300x203.webp 300w\" sizes=\"(max-width: 600px) 100vw, 600px\" \/>\t\t\t\t\t\t\t\t\t\t\t\t\t\t\t<\/div>\n\t\t\t\t<\/div>\n\t\t\t\t\t<\/div>\n\t\t<\/div>\n\t\t\t\t<div class=\"elementor-column elementor-col-50 elementor-top-column elementor-element elementor-element-be883f1\" data-id=\"be883f1\" data-element_type=\"column\" data-e-type=\"column\">\n\t\t\t<div class=\"elementor-widget-wrap elementor-element-populated\">\n\t\t\t\t\t\t<div class=\"elementor-element elementor-element-ba44674 elementor-widget elementor-widget-text-editor\" data-id=\"ba44674\" data-element_type=\"widget\" data-e-type=\"widget\" data-widget_type=\"text-editor.default\">\n\t\t\t\t<div class=\"elementor-widget-container\">\n\t\t\t\t\t\t\t\t\t<div class=\"fusion-text fusion-text-3\"><div class=\"fusion-text fusion-text-3\"><p>Every person longs to be loved and accepted. This is not only true for you, but also for your partner. A very special experience for a couple is to experience the <a href=\"https:\/\/somatantramassage.de\/en\/what-is-tantra-massage\/\">Tantra massage<\/a> as a shared adventure and a sensual, spiritual and ecstatic journey. You will be touched mindfully and lovingly by two givers in the same room (or in separate rooms depending on your preference).<\/p><h6 class=\"fusion-responsive-typography-calculated\" data-fontsize=\"100\" data-lineheight=\"20px\">In our tantra couple massages you can experience yourselves together and also each for themselves in a new way.<\/h6><p>We offer you a framework, an open, authentic space filled with a warm, loving, mindful atmosphere. This sensual encounter with yourself, together with your partner will <strong>enrich and inspire your connection<\/strong> &#8211; new dimensions can open up.<\/p><p>This massage is for all couples in love or with the best girlfriend or boyfriend.<\/p><\/div><div class=\"fusion-text fusion-text-4\"><p><strong><a href=\"https:\/\/somatantramassage.de\/en\/about-tantra-massages\/\"><span class=\"big\"><span class=\"underline-on-hover\">Back to the offers &gt;<\/span><\/span><\/a><\/strong><\/p><\/div><\/div><div class=\"fusion-text fusion-text-5\">\u00a0<\/div>\t\t\t\t\t\t\t\t<\/div>\n\t\t\t\t<\/div>\n\t\t\t\t\t<\/div>\n\t\t<\/div>\n\t\t\t\t\t<\/div>\n\t\t<\/section>\n\t\t\t\t<section class=\"elementor-section elementor-top-section elementor-element elementor-element-c26f730 elementor-section-boxed elementor-section-height-default elementor-section-height-default\" data-id=\"c26f730\" data-element_type=\"section\" data-e-type=\"section\" data-settings=\"{&quot;background_background&quot;:&quot;classic&quot;}\">\n\t\t\t\t\t\t<div class=\"elementor-container elementor-column-gap-default\">\n\t\t\t\t\t<div class=\"elementor-column elementor-col-100 elementor-top-column elementor-element elementor-element-452ecd1\" data-id=\"452ecd1\" data-element_type=\"column\" data-e-type=\"column\">\n\t\t\t<div class=\"elementor-widget-wrap elementor-element-populated\">\n\t\t\t\t\t\t<div class=\"elementor-element elementor-element-be1894d elementor-widget elementor-widget-heading\" data-id=\"be1894d\" data-element_type=\"widget\" data-e-type=\"widget\" data-widget_type=\"heading.default\">\n\t\t\t\t<div class=\"elementor-widget-container\">\n\t\t\t\t\t<h2 class=\"elementor-heading-title elementor-size-default\">Tantra-Paarmassage<\/h2>\t\t\t\t<\/div>\n\t\t\t\t<\/div>\n\t\t\t\t\t<\/div>\n\t\t<\/div>\n\t\t\t\t\t<\/div>\n\t\t<\/section>\n\t\t\t\t<section class=\"elementor-section elementor-top-section elementor-element elementor-element-716f352 elementor-section-boxed elementor-section-height-default elementor-section-height-default\" data-id=\"716f352\" data-element_type=\"section\" data-e-type=\"section\" data-settings=\"{&quot;background_background&quot;:&quot;classic&quot;}\">\n\t\t\t\t\t\t<div class=\"elementor-container elementor-column-gap-default\">\n\t\t\t\t\t<div class=\"elementor-column elementor-col-100 elementor-top-column elementor-element elementor-element-4f368fe\" data-id=\"4f368fe\" data-element_type=\"column\" data-e-type=\"column\">\n\t\t\t<div class=\"elementor-widget-wrap elementor-element-populated\">\n\t\t\t\t\t\t<div class=\"elementor-element elementor-element-a991143 elementor-widget elementor-widget-text-editor\" data-id=\"a991143\" data-element_type=\"widget\" data-e-type=\"widget\" data-widget_type=\"text-editor.default\">\n\t\t\t\t<div class=\"elementor-widget-container\">\n\t\t\t\t\t\t\t\t\t<div class=\"fusion-text fusion-text-8\">\n<h5>1,5 Std. mit 2 Masseurinnen \u2026\u2026 <span class=\"s4\"><span class=\"red\"><b>370 \u20ac<\/b><\/span><\/span><\/h5>\n<h5>2 Std. mit 2 Masseurinnen ..\u2026\u2026 <span class=\"s4\"><span class=\"red\"><b>450 \u20ac<\/b><\/span><\/span><\/h5>\n<\/div>\t\t\t\t\t\t\t\t<\/div>\n\t\t\t\t<\/div>\n\t\t\t\t\t<\/div>\n\t\t<\/div>\n\t\t\t\t\t<\/div>\n\t\t<\/section>\n\t\t\t\t<section class=\"elementor-section elementor-top-section elementor-element elementor-element-8a5d2ae elementor-section-boxed elementor-section-height-default elementor-section-height-default\" data-id=\"8a5d2ae\" data-element_type=\"section\" data-e-type=\"section\">\n\t\t\t\t\t\t<div class=\"elementor-container elementor-column-gap-default\">\n\t\t\t\t\t<div class=\"elementor-column elementor-col-100 elementor-top-column elementor-element elementor-element-286f2bb\" data-id=\"286f2bb\" data-element_type=\"column\" data-e-type=\"column\">\n\t\t\t<div class=\"elementor-widget-wrap elementor-element-populated\">\n\t\t\t\t\t\t<div class=\"elementor-element elementor-element-8a7f0c9 elementor-widget elementor-widget-text-editor\" data-id=\"8a7f0c9\" data-element_type=\"widget\" data-e-type=\"widget\" data-widget_type=\"text-editor.default\">\n\t\t\t\t<div class=\"elementor-widget-container\">\n\t\t\t\t\t\t\t\t\t\u201cSp\u00fcre die W\u00e4rme die von liebevollen H\u00e4nden ausstrahlt\nund nimm die Ber\u00fchrung in deinen K\u00f6rper auf.\u200b\t\t\t\t\t\t\t\t<\/div>\n\t\t\t\t<\/div>\n\t\t\t\t<div class=\"elementor-element elementor-element-b75673b elementor-widget elementor-widget-heading\" data-id=\"b75673b\" data-element_type=\"widget\" data-e-type=\"widget\" data-widget_type=\"heading.default\">\n\t\t\t\t<div class=\"elementor-widget-container\">\n\t\t\t\t\t<h2 class=\"elementor-heading-title elementor-size-default\">Diana Richardson\u200b<\/h2>\t\t\t\t<\/div>\n\t\t\t\t<\/div>\n\t\t\t\t\t<\/div>\n\t\t<\/div>\n\t\t\t\t\t<\/div>\n\t\t<\/section>\n\t\t\t\t<section class=\"elementor-section elementor-top-section elementor-element elementor-element-5dec5af elementor-section-boxed elementor-section-height-default elementor-section-height-default\" data-id=\"5dec5af\" data-element_type=\"section\" data-e-type=\"section\" data-settings=\"{&quot;background_background&quot;:&quot;classic&quot;}\">\n\t\t\t\t\t\t<div class=\"elementor-container elementor-column-gap-default\">\n\t\t\t\t\t<div class=\"elementor-column elementor-col-50 elementor-top-column elementor-element elementor-element-0866064\" data-id=\"0866064\" data-element_type=\"column\" data-e-type=\"column\">\n\t\t\t<div class=\"elementor-widget-wrap elementor-element-populated\">\n\t\t\t\t\t\t<div class=\"elementor-element elementor-element-1fecebb elementor-widget elementor-widget-heading\" data-id=\"1fecebb\" data-element_type=\"widget\" data-e-type=\"widget\" data-widget_type=\"heading.default\">\n\t\t\t\t<div class=\"elementor-widget-container\">\n\t\t\t\t\t<h2 class=\"elementor-heading-title elementor-size-default\">Buche Deine Massage\n<\/h2>\t\t\t\t<\/div>\n\t\t\t\t<\/div>\n\t\t\t\t<div class=\"elementor-element elementor-element-6c846a0 elementor-widget elementor-widget-text-editor\" data-id=\"6c846a0\" data-element_type=\"widget\" data-e-type=\"widget\" data-widget_type=\"text-editor.default\">\n\t\t\t\t<div class=\"elementor-widget-container\">\n\t\t\t\t\t\t\t\t\t<p class=\"p1\">Wenn Du Fragen hast, oder Deine entspannende Tantra Massage buchen m\u00f6chtest, rufe uns an oder schreibe uns eine E-Mail.<\/p>\n<p class=\"p1\"><b>Tel. und Whatsapp: <span class=\"Apple-converted-space\">&nbsp;<\/span><\/b><a href=\"tel:004915257096337\">+49 1525 709 63 37<\/a><\/p>\n<p class=\"p3\"><span class=\"s1\"><b>Email:<\/b><\/span><span class=\"s2\"><b><span class=\"Apple-converted-space\">&nbsp; &nbsp; &nbsp;<\/span><\/b><\/span><a href=\"mailto:massage@somatantramassage.de\">massage@somatantramassage.de<\/a><\/p>\t\t\t\t\t\t\t\t<\/div>\n\t\t\t\t<\/div>\n\t\t\t\t\t<\/div>\n\t\t<\/div>\n\t\t\t\t<div class=\"elementor-column elementor-col-50 elementor-top-column elementor-element elementor-element-f0aa6ad\" data-id=\"f0aa6ad\" data-element_type=\"column\" data-e-type=\"column\">\n\t\t\t<div class=\"elementor-widget-wrap elementor-element-populated\">\n\t\t\t\t\t\t<div class=\"elementor-element elementor-element-a80c12d elementor-widget elementor-widget-image\" data-id=\"a80c12d\" data-element_type=\"widget\" data-e-type=\"widget\" data-widget_type=\"image.default\">\n\t\t\t\t<div class=\"elementor-widget-container\">\n\t\t\t\t\t\t\t\t\t\t\t\t\t\t\t<img decoding=\"async\" width=\"800\" height=\"807\" src=\"https:\/\/somatantramassage.de\/wp-content\/uploads\/2024\/02\/Tantra-Footer-1-1-1015x1024.jpg\" class=\"attachment-large size-large wp-image-1620\" alt=\"\" srcset=\"https:\/\/somatantramassage.de\/wp-content\/uploads\/2024\/02\/Tantra-Footer-1-1-1015x1024.jpg 1015w, https:\/\/somatantramassage.de\/wp-content\/uploads\/2024\/02\/Tantra-Footer-1-1-297x300.jpg 297w, https:\/\/somatantramassage.de\/wp-content\/uploads\/2024\/02\/Tantra-Footer-1-1-150x150.jpg 150w, https:\/\/somatantramassage.de\/wp-content\/uploads\/2024\/02\/Tantra-Footer-1-1-768x775.jpg 768w, https:\/\/somatantramassage.de\/wp-content\/uploads\/2024\/02\/Tantra-Footer-1-1.jpg 1125w\" sizes=\"(max-width: 800px) 100vw, 800px\" \/>\t\t\t\t\t\t\t\t\t\t\t\t\t\t\t<\/div>\n\t\t\t\t<\/div>\n\t\t\t\t\t<\/div>\n\t\t<\/div>\n\t\t\t\t\t<\/div>\n\t\t<\/section>\n\t\t\t\t<\/div>\n\t\t","protected":false},"excerpt":{"rendered":"<p>Tantra Couples Massage Every person longs to be loved and accepted. This is not only true for you, but also for your partner. A very special experience for a couple is to experience the Tantra massage as a shared adventure and a sensual, spiritual and ecstatic journey. You will be touched mindfully and lovingly by [&hellip;]<\/p>\n","protected":false},"author":1,"featured_media":0,"parent":0,"menu_order":0,"comment_status":"closed","ping_status":"closed","template":"elementor_header_footer","meta":{"footnotes":""},"class_list":["post-753","page","type-page","status-publish","hentry"],"_links":{"self":[{"href":"https:\/\/somatantramassage.de\/en\/wp-json\/wp\/v2\/pages\/753","targetHints":{"allow":["GET"]}}],"collection":[{"href":"https:\/\/somatantramassage.de\/en\/wp-json\/wp\/v2\/pages"}],"about":[{"href":"https:\/\/somatantramassage.de\/en\/wp-json\/wp\/v2\/types\/page"}],"author":[{"embeddable":true,"href":"https:\/\/somatantramassage.de\/en\/wp-json\/wp\/v2\/users\/1"}],"replies":[{"embeddable":true,"href":"https:\/\/somatantramassage.de\/en\/wp-json\/wp\/v2\/comments?post=753"}],"version-history":[{"count":15,"href":"https:\/\/somatantramassage.de\/en\/wp-json\/wp\/v2\/pages\/753\/revisions"}],"predecessor-version":[{"id":1935,"href":"https:\/\/somatantramassage.de\/en\/wp-json\/wp\/v2\/pages\/753\/revisions\/1935"}],"wp:attachment":[{"href":"https:\/\/somatantramassage.de\/en\/wp-json\/wp\/v2\/media?parent=753"}],"curies":[{"name":"wp","href":"https:\/\/api.w.org\/{rel}","templated":true}]}}